{"id":460,"date":"2025-02-24T13:41:56","date_gmt":"2025-02-24T13:41:56","guid":{"rendered":"https:\/\/forumpolskichwiezowcow.pl\/?page_id=460"},"modified":"2025-02-24T13:44:09","modified_gmt":"2025-02-24T13:44:09","slug":"eksperci","status":"publish","type":"page","link":"https:\/\/forumpolskichwiezowcow.pl\/ro\/eksperci\/","title":{"rendered":"Exper\u021bi"},"content":{"rendered":"","protected":false},"excerpt":{"rendered":"","protected":false},"author":1,"featured_media":0,"parent":0,"menu_order":0,"comment_status":"closed","ping_status":"closed","template":"","meta":{"_acf_changed":false,"site-container-style":"default","site-container-layout":"default","site-sidebar-layout":"default","site-transparent-header":"default","prose-style":"enable","disable-article-header":"default","disable-site-header":"default","disable-site-footer":"default","disable-content-area-spacing":"default","footnotes":""},"class_list":["post-460","page","type-page","status-publish","hentry"],"acf":[],"yoast_head":"<!-- This site is optimized with the Yoast SEO plugin v23.2 - https:\/\/yoast.com\/wordpress\/plugins\/seo\/ -->\n<title>Eksperci - forumpolskichwiezowcow.pl<\/title>\n<meta name=\"robots\" content=\"index, follow, max-snippet:-1, max-image-preview:large, max-video-preview:-1\" \/>\n<link rel=\"canonical\" href=\"https:\/\/forumpolskichwiezowcow.pl\/ro\/eksperci\/\" \/>\n<meta property=\"og:locale\" content=\"ro_RO\" \/>\n<meta property=\"og:type\" content=\"article\" \/>\n<meta property=\"og:title\" content=\"Eksperci - forumpolskichwiezowcow.pl\" \/>\n<meta property=\"og:url\" content=\"https:\/\/forumpolskichwiezowcow.pl\/ro\/eksperci\/\" \/>\n<meta property=\"og:site_name\" content=\"forumpolskichwiezowcow.pl\" \/>\n<meta property=\"article:modified_time\" content=\"2025-02-24T13:44:09+00:00\" \/>\n<meta name=\"twitter:card\" content=\"summary_large_image\" \/>\n<meta name=\"twitter:label1\" content=\"Timp estimat pentru citire\" \/>\n\t<meta name=\"twitter:data1\" content=\"1 minut\" \/>\n<script type=\"application\/ld+json\" class=\"yoast-schema-graph\">{\"@context\":\"https:\/\/schema.org\",\"@graph\":[{\"@type\":\"WebPage\",\"@id\":\"https:\/\/forumpolskichwiezowcow.pl\/eksperci\/\",\"url\":\"https:\/\/forumpolskichwiezowcow.pl\/eksperci\/\",\"name\":\"Eksperci - forumpolskichwiezowcow.pl\",\"isPartOf\":{\"@id\":\"https:\/\/forumpolskichwiezowcow.pl\/#website\"},\"datePublished\":\"2025-02-24T13:41:56+00:00\",\"dateModified\":\"2025-02-24T13:44:09+00:00\",\"breadcrumb\":{\"@id\":\"https:\/\/forumpolskichwiezowcow.pl\/eksperci\/#breadcrumb\"},\"inLanguage\":\"ro-RO\",\"potentialAction\":[{\"@type\":\"ReadAction\",\"target\":[\"https:\/\/forumpolskichwiezowcow.pl\/eksperci\/\"]}]},{\"@type\":\"BreadcrumbList\",\"@id\":\"https:\/\/forumpolskichwiezowcow.pl\/eksperci\/#breadcrumb\",\"itemListElement\":[{\"@type\":\"ListItem\",\"position\":1,\"name\":\"Home\",\"item\":\"https:\/\/forumpolskichwiezowcow.pl\/\"},{\"@type\":\"ListItem\",\"position\":2,\"name\":\"Eksperci\"}]},{\"@type\":\"WebSite\",\"@id\":\"https:\/\/forumpolskichwiezowcow.pl\/#website\",\"url\":\"https:\/\/forumpolskichwiezowcow.pl\/\",\"name\":\"forumpolskichwiezowcow.pl\",\"description\":\"No\u017ce: narz\u0119dzia, kt\u00f3re kszta\u0142tuj\u0105 histori\u0119, kulinaria i przetrwanie.\",\"potentialAction\":[{\"@type\":\"SearchAction\",\"target\":{\"@type\":\"EntryPoint\",\"urlTemplate\":\"https:\/\/forumpolskichwiezowcow.pl\/?s={search_term_string}\"},\"query-input\":\"required name=search_term_string\"}],\"inLanguage\":\"ro-RO\"}]}<\/script>\n<!-- \/ Yoast SEO plugin. -->","yoast_head_json":{"title":"Eksperci - forumpolskichwiezowcow.pl","robots":{"index":"index","follow":"follow","max-snippet":"max-snippet:-1","max-image-preview":"max-image-preview:large","max-video-preview":"max-video-preview:-1"},"canonical":"https:\/\/forumpolskichwiezowcow.pl\/ro\/eksperci\/","og_locale":"ro_RO","og_type":"article","og_title":"Eksperci - forumpolskichwiezowcow.pl","og_url":"https:\/\/forumpolskichwiezowcow.pl\/ro\/eksperci\/","og_site_name":"forumpolskichwiezowcow.pl","article_modified_time":"2025-02-24T13:44:09+00:00","twitter_card":"summary_large_image","twitter_misc":{"Timp estimat pentru citire":"1 minut"},"schema":{"@context":"https:\/\/schema.org","@graph":[{"@type":"WebPage","@id":"https:\/\/forumpolskichwiezowcow.pl\/eksperci\/","url":"https:\/\/forumpolskichwiezowcow.pl\/eksperci\/","name":"Eksperci - forumpolskichwiezowcow.pl","isPartOf":{"@id":"https:\/\/forumpolskichwiezowcow.pl\/#website"},"datePublished":"2025-02-24T13:41:56+00:00","dateModified":"2025-02-24T13:44:09+00:00","breadcrumb":{"@id":"https:\/\/forumpolskichwiezowcow.pl\/eksperci\/#breadcrumb"},"inLanguage":"ro-RO","potentialAction":[{"@type":"ReadAction","target":["https:\/\/forumpolskichwiezowcow.pl\/eksperci\/"]}]},{"@type":"BreadcrumbList","@id":"https:\/\/forumpolskichwiezowcow.pl\/eksperci\/#breadcrumb","itemListElement":[{"@type":"ListItem","position":1,"name":"Home","item":"https:\/\/forumpolskichwiezowcow.pl\/"},{"@type":"ListItem","position":2,"name":"Eksperci"}]},{"@type":"WebSite","@id":"https:\/\/forumpolskichwiezowcow.pl\/#website","url":"https:\/\/forumpolskichwiezowcow.pl\/","name":"forumpolskichwiezowcow.pl","description":"No\u017ce: narz\u0119dzia, kt\u00f3re kszta\u0142tuj\u0105 histori\u0119, kulinaria i przetrwanie.","potentialAction":[{"@type":"SearchAction","target":{"@type":"EntryPoint","urlTemplate":"https:\/\/forumpolskichwiezowcow.pl\/?s={search_term_string}"},"query-input":"required name=search_term_string"}],"inLanguage":"ro-RO"}]}},"yoast_meta":{"yoast_wpseo_title":"","yoast_wpseo_metadesc":"","yoast_wpseo_canonical":"https:\/\/forumpolskichwiezowcow.pl\/ro\/wp-json\/wp\/v2\/pages\/460"},"_links":{"self":[{"href":"https:\/\/forumpolskichwiezowcow.pl\/ro\/wp-json\/wp\/v2\/pages\/460"}],"collection":[{"href":"https:\/\/forumpolskichwiezowcow.pl\/ro\/wp-json\/wp\/v2\/pages"}],"about":[{"href":"https:\/\/forumpolskichwiezowcow.pl\/ro\/wp-json\/wp\/v2\/types\/page"}],"author":[{"embeddable":true,"href":"https:\/\/forumpolskichwiezowcow.pl\/ro\/wp-json\/wp\/v2\/users\/1"}],"replies":[{"embeddable":true,"href":"https:\/\/forumpolskichwiezowcow.pl\/ro\/wp-json\/wp\/v2\/comments?post=460"}],"version-history":[{"count":2,"href":"https:\/\/forumpolskichwiezowcow.pl\/ro\/wp-json\/wp\/v2\/pages\/460\/revisions"}],"predecessor-version":[{"id":482,"href":"https:\/\/forumpolskichwiezowcow.pl\/ro\/wp-json\/wp\/v2\/pages\/460\/revisions\/482"}],"wp:attachment":[{"href":"https:\/\/forumpolskichwiezowcow.pl\/ro\/wp-json\/wp\/v2\/media?parent=460"}],"curies":[{"name":"wp","href":"https:\/\/api.w.org\/{rel}","templated":true}]}}